{"id":952,"date":"2016-06-25T22:25:26","date_gmt":"2016-06-25T22:25:26","guid":{"rendered":"https:\/\/malakjan.com\/?page_id=952&#038;lang=fr"},"modified":"2018-09-09T09:54:48","modified_gmt":"2018-09-09T14:54:48","slug":"a-propos","status":"publish","type":"page","link":"https:\/\/malakjan.com\/fr\/a-propos\/","title":{"rendered":"\u00c0 Propos"},"content":{"rendered":"<div class=\"entry-outer-wrap\"><div class=\"entry-wrap\"><div class=\"row \">\n<div class=\"col-md-12\">\n<div class=\"entry-text\"><p class=\"lead\">Malak J\u00e2n, surnomm\u00e9e affectueusement \u00ab\u00a0Janie\u00a0\u00bb par son grand-fr\u00e8re et guide Ostad Elahi, est n\u00e9e \u00e0 Jeyhoun\u00e2b\u00e2d, village du Kurdistan iranien o\u00f9 elle passa l\u2019essentiel de sa vie.<\/p>\n\n<p><span class=\"dropcap\">B<\/span>ien\u00a0qu\u2019elle vivait en apparence loin du monde, Malak J\u00e2n \u00e9tait une femme vive et moderne qui avait une conscience aigu\u00eb des probl\u00e8mes et des d\u00e9fis de son \u00e9poque. Elle consacra sa vie au parcours du perfectionnement spirituel, ainsi qu\u2019\u00e0 d\u00e9fendre le droits des femmes et des enfants dans un milieu d\u00e9favorable, voire hostile, \u00e0 une telle action.<\/p>\n<p>Malak J\u00e2n est n\u00e9e dans une famille de notables issue d\u2019une longue lign\u00e9e de mystiques dont les origines remontent au XIVe si\u00e8cle. Ses a\u00efeux s\u2019\u00e9taient install\u00e9s il y a environ 200 ans \u00e0 Jeyhoun\u00e2b\u00e2d, pr\u00e8s du Mont Bisotun o\u00f9 le grand roi Ach\u00e9m\u00e9nide Darius I immortalisa ses exploits militaires il y a plus de 2500 ans. \u00c0\u00a0l\u2019aube du XXe si\u00e8cle, Jeyhoun\u00e2b\u00e2d, un village iranien typique constitu\u00e9 de maisons de terre, abritait une centaine de villageois vivant essentiellement de l\u2019agriculture.<\/p>\n<p><figure id=\"attachment_1261\" aria-describedby=\"caption-attachment-1261\" style=\"width: 720px\" class=\"wp-caption aligncenter\"><img loading=\"lazy\" decoding=\"async\" class=\"border-gray wp-image-1261 size-large\" src=\"https:\/\/malakjan.com\/wp-content\/uploads\/2016\/06\/jeyhunabad-iran-1024x641.jpg\" width=\"720\" height=\"451\" srcset=\"https:\/\/malakjan.com\/wp-content\/uploads\/2016\/06\/jeyhunabad-iran-1024x641.jpg 1024w, https:\/\/malakjan.com\/wp-content\/uploads\/2016\/06\/jeyhunabad-iran-300x188.jpg 300w, https:\/\/malakjan.com\/wp-content\/uploads\/2016\/06\/jeyhunabad-iran-768x481.jpg 768w, https:\/\/malakjan.com\/wp-content\/uploads\/2016\/06\/jeyhunabad-iran.jpg 1360w, https:\/\/malakjan.com\/wp-content\/uploads\/2016\/06\/jeyhunabad-iran-960x601.jpg 960w, https:\/\/malakjan.com\/wp-content\/uploads\/2016\/06\/jeyhunabad-iran-720x451.jpg 720w, https:\/\/malakjan.com\/wp-content\/uploads\/2016\/06\/jeyhunabad-iran-480x300.jpg 480w, https:\/\/malakjan.com\/wp-content\/uploads\/2016\/06\/jeyhunabad-iran-320x200.jpg 320w, https:\/\/malakjan.com\/wp-content\/uploads\/2016\/06\/jeyhunabad-iran-128x80.jpg 128w\" sizes=\"auto, (max-width: 720px) 100vw, 720px\" \/><figcaption id=\"caption-attachment-1261\" class=\"wp-caption-text\">Vue a\u00e9rienne de Jeyhoun\u00e2b\u00e2d, village natal de Malak J\u00e2n<\/figcaption><\/figure><\/p>\n<p>Le p\u00e8re de Malak J\u00e2n, Hadj Nematollah (1871-1920), \u00e9tait r\u00e9put\u00e9 pour sa vertu et son int\u00e9grit\u00e9. Il exer\u00e7a quelque temps la fonction de conseiller aupr\u00e8s du gouverneur de la r\u00e9gion de Kermanshah, mais \u00e0 la suite d\u2019une bouleversante exp\u00e9rience spirituelle vers l\u2019\u00e2ge de trente ans, il d\u00e9cida (et sa femme le suivi dans ce choix) de se consacrer enti\u00e8rement \u00e0 la voie mystique et de mener une vie rythm\u00e9e par l\u2019asc\u00e8se, la contemplation, l\u2019\u00e9criture, la guidance et la musique sacr\u00e9e.<span class=\"Apple-converted-space\">\u00a0<\/span><\/p>\n<p>Il est l\u2019auteur de nombreux ouvrages, dont \u00ab\u00a0Le Livre des Rois de V\u00e9rit\u00e9\u00a0\u00bb, \u0153uvre hagiographique enti\u00e8rement \u00e9crite en vers et publi\u00e9e sous la direction du philosophe fran\u00e7ais Henry Corbin. La force d\u2019\u00e2me et la personnalit\u00e9 charismatique de Hadj Nematollah firent de lui une figure influente et respect\u00e9e, et dont le rayonnement spirituel fut reconnu bien au-del\u00e0 de sa r\u00e9gion.<span class=\"Apple-converted-space\">\u00a0<\/span><\/p>\n<p>C\u2019est dans ce contexte particulier que Malak J\u00e2n, la cinqui\u00e8me d\u2019une famille de sept enfants, vit le jour le 11 d\u00e9cembre 1906. Avant m\u00eame sa naissance, son p\u00e8re avait pr\u00e9dit qu\u2019une \u00e2me d\u2019une grande force et puret\u00e9 entrerait dans leur famille. Son fils a\u00een\u00e9, Ostad Elahi (1895-1974), n\u00e9 onze ans plus t\u00f4t, montrait d\u00e9j\u00e0 des dispositions spirituelles remarquables. Contrairement aux usages locaux qui n\u2019accordaient que peu de consid\u00e9ration aux filles, Hadj Nematollah prit grand soin de l\u2019\u00e9ducation intellectuelle, morale et spirituelle de Malak J\u00e2n.<\/p>\n<p><figure id=\"attachment_1262\" aria-describedby=\"caption-attachment-1262\" style=\"width: 720px\" class=\"wp-caption aligncenter\"><img loading=\"lazy\" decoding=\"async\" class=\" border-gray wp-image-1262 size-large\" src=\"https:\/\/malakjan.com\/wp-content\/uploads\/2016\/06\/malak-jan-and-mother-1024x767.jpg\" width=\"720\" height=\"539\" srcset=\"https:\/\/malakjan.com\/wp-content\/uploads\/2016\/06\/malak-jan-and-mother-1024x767.jpg 1024w, https:\/\/malakjan.com\/wp-content\/uploads\/2016\/06\/malak-jan-and-mother-300x225.jpg 300w, https:\/\/malakjan.com\/wp-content\/uploads\/2016\/06\/malak-jan-and-mother-768x575.jpg 768w, https:\/\/malakjan.com\/wp-content\/uploads\/2016\/06\/malak-jan-and-mother.jpg 1360w, https:\/\/malakjan.com\/wp-content\/uploads\/2016\/06\/malak-jan-and-mother-960x719.jpg 960w, https:\/\/malakjan.com\/wp-content\/uploads\/2016\/06\/malak-jan-and-mother-720x540.jpg 720w, https:\/\/malakjan.com\/wp-content\/uploads\/2016\/06\/malak-jan-and-mother-480x360.jpg 480w, https:\/\/malakjan.com\/wp-content\/uploads\/2016\/06\/malak-jan-and-mother-320x240.jpg 320w, https:\/\/malakjan.com\/wp-content\/uploads\/2016\/06\/malak-jan-and-mother-128x96.jpg 128w\" sizes=\"auto, (max-width: 720px) 100vw, 720px\" \/><figcaption id=\"caption-attachment-1262\" class=\"wp-caption-text\">Malak J\u00e2n et sa m\u00e8re<\/figcaption><\/figure><\/p>\n<p>Malak J\u00e2n n\u2019a que treize ans lorsque son p\u00e8re bienveillant quitte ce monde. Fid\u00e8le au v\u0153u de celui-ci, elle prit la d\u00e9cision de ne pas se marier et choisit de porter un habit enti\u00e8rement blanc, qu\u2019elle garda sa vie durant, en guise de symbole de son union \u00e0 Dieu. <span class=\"Apple-converted-space\">\u00a0 \u00a0<\/span><\/p>\n<p>Vers l\u2019\u00e2ge de quatorze ans, Malak J\u00e2n commen\u00e7a \u00e0 ressentir des douleurs aux yeux qui s\u2019intensifi\u00e8rent progressivement et lui firent d\u00e9finitivement perdre la vue alors qu\u2019elle n\u2019avait que vingt ans. Malgr\u00e9 cela, elle dira plus tard \u00e0 ce sujet:<\/p>\n<blockquote>\n<p>Dieu m\u2019a pris la vue, mais Il m\u2019a ouvert la porte du Royaume des Cieux et personne ne peut imaginer ce que j\u2019y ai gagn\u00e9.<\/p>\n<\/blockquote>\n<p>Cette ouverture aux univers spirituels fut pour Malak J\u00e2n une initiation \u00e0 un nouvel horizon dont elle acquerra une connaissance profonde et qui\u00a0la m\u00e8nera \u00e0 trouver sa voie spirituelle:<\/p>\n<blockquote>\n<p>Si je n\u2019\u00e9tais pas devenue aveugle, je n\u2019aurai probablement pas \u00e9t\u00e9 attir\u00e9e par la spiritualit\u00e9.<span class=\"Apple-converted-space\">\u00a0 <\/span>C\u2019est ma c\u00e9cit\u00e9 qui m\u2019a permis de me d\u00e9tacher de ce monde et de d\u00e9couvrir des horizons que je ne soup\u00e7onnais pas d\u2019exister\u2026 Si je n\u2019avais pas choisi un vrai guide exp\u00e9riment\u00e9\u2026 il n\u2019y a rien dans nos traditions ancestrales qui m\u2019aurait attir\u00e9\u2026 Une fois que j\u2019ai choisi Ostad, j\u2019avais confiance en ses paroles\u2026 Personnellement, je ne crois que ce qu\u2019il dit\u2026<\/p>\n<\/blockquote>\n<p>Malak J\u00e2n \u00e9tait unie \u00e0 Ostad par un lien spirituel particulier. Elle adopta l'approche spirituelle innovante et rationnelle\u00a0de son fr\u00e8re, une voie qu\u2019Ostad Elahi jugeait plus conforme \u00e0 la nature de l\u2019\u00eatre humain car elle reposait sur la connaissance de soi et le discernement. De ce fait, Malak J\u00e2n voyageait pour \u00eatre aupr\u00e8s de son fr\u00e8re aussi souvent que possible, m\u00eame lorsqu\u2019il \u00e9tait mut\u00e9, de par sa fonction de magistrat, dans des villes tr\u00e8s \u00e9loign\u00e9es de Jeyhoun\u00e2b\u00e2d.<\/p>\n<blockquote>\n<p>Les univers spirituels \u00e9taient d\u2019une telle richesse qu\u2019apr\u00e8s le d\u00e9part de mon p\u00e8re, je\u00a0fus\u00a0d\u00e9sorient\u00e9e. J\u2019ai cherch\u00e9 incessamment une direction spirituelle\u00a0qui me conduise \u00e0 la Source\u00a0et ce n\u2019est que vers l\u2019\u00e2ge de trente ans que\u00a0j\u2019ai trouv\u00e9 cet axe\u00a0en la personne de mon fr\u00e8re\u00a0Ostad Elahi. Tout ce que j\u2019ai compris et transmis par la suite, ce sont ses enseignements et ses principes. Tout ce que je sais vient de lui. J\u2019ai \u00e9t\u00e9 tr\u00e8s heureuse qu\u2019il m\u2019accepte comme \u00e9l\u00e8ve.<\/p>\n<\/blockquote>\n<p>Avec l\u2019approbation d\u2019Ostad, qui lui donna par la suite le titre honorifique de \u00ab\u00a0sheykh\u00a0\u00bb, Malak J\u00e2n prit en charge l\u2019\u00e9ducation spirituelle des villageois de Jeyhoun\u00e2b\u00e2d. Ses mots \u00e9taient impr\u00e9gn\u00e9s de l\u2019effet\u00a0divin, et dans un esprit de compassion et de g\u00e9n\u00e9rosit\u00e9, elle acceptait toujours de r\u00e9pondre aux demandes de ceux qui venaient la voir, qu'ils veuillent obtenir\u00a0un\u00a0rem\u00e8de pour gu\u00e9rir un proche, une solution face \u00e0 une difficult\u00e9, concevoir un enfant, ou simplement obtenir des \u00e9claircissements d\u2019ordre purement spirituel.<span class=\"Apple-converted-space\">\u00a0<\/span><\/p>\n<p>Apr\u00e8s le d\u00e9c\u00e8s d\u2019Ostad, Malak J\u00e2n reprit l\u2019enseignement de son fr\u00e8re. Gr\u00e2ce \u00e0 ce lien spirituel int\u00e9rieur qui les unissait, Malak J\u00e2n put \u00e9clairer et approfondir les principes \u00e9thiques et divins h\u00e9rit\u00e9s d\u2019Ostad. Selon Malak J\u00e2n, \u00ab m\u00eame apr\u00e8s son d\u00e9part, il a continu\u00e9 \u00e0 m'instruire et il ne m'a jamais abandonn\u00e9e. \u00bb.<span class=\"Apple-converted-space\">\u00a0<\/span><\/p>\n<p>Pour des raisons de sant\u00e9 et \u00e0 la demande de sa famille, Malak J\u00e2n quitta son village natal en 1993 pour se faire soigner en France. Elle\u00a0quitta ce monde\u00a0peu de temps apr\u00e8s, le 15 juillet 1993, \u00e0 l\u2019\u00e2ge de 86 ans.<span class=\"Apple-converted-space\">\u00a0 <\/span>Elle fut inhum\u00e9e en France dans la commune de Baillou (Loir-et-Cher), o\u00f9 se dresse d\u00e9sormais un mausol\u00e9e en sa m\u00e9moire. Sa puret\u00e9, sa vertu, ainsi que son d\u00e9vouement aux autres l\u2019\u00e9lev\u00e8rent au rang de sainte aux yeux de ceux qui l\u2019avaient c\u00f4toy\u00e9e, et sa m\u00e9moire continue d\u2019\u00eatre honor\u00e9e aujourd\u2019hui.<\/p>\n<p><figure id=\"attachment_1735\" aria-describedby=\"caption-attachment-1735\" style=\"width: 720px\" class=\"wp-caption aligncenter\"><img loading=\"lazy\" decoding=\"async\" class=\"wp-image-1735 size-large\" src=\"https:\/\/malakjan.com\/wp-content\/uploads\/2016\/06\/baillou-france-malak-jan-memorial-horiz-1024x678.jpg\" alt=\"baillou-france-malak-jan-memorial-horiz\" width=\"720\" height=\"477\" srcset=\"https:\/\/malakjan.com\/wp-content\/uploads\/2016\/06\/baillou-france-malak-jan-memorial-horiz-1024x678.jpg 1024w, https:\/\/malakjan.com\/wp-content\/uploads\/2016\/06\/baillou-france-malak-jan-memorial-horiz-300x199.jpg 300w, https:\/\/malakjan.com\/wp-content\/uploads\/2016\/06\/baillou-france-malak-jan-memorial-horiz-768x509.jpg 768w, https:\/\/malakjan.com\/wp-content\/uploads\/2016\/06\/baillou-france-malak-jan-memorial-horiz-1360x901.jpg 1360w, https:\/\/malakjan.com\/wp-content\/uploads\/2016\/06\/baillou-france-malak-jan-memorial-horiz-960x636.jpg 960w, https:\/\/malakjan.com\/wp-content\/uploads\/2016\/06\/baillou-france-malak-jan-memorial-horiz-720x477.jpg 720w, https:\/\/malakjan.com\/wp-content\/uploads\/2016\/06\/baillou-france-malak-jan-memorial-horiz-480x318.jpg 480w, https:\/\/malakjan.com\/wp-content\/uploads\/2016\/06\/baillou-france-malak-jan-memorial-horiz-320x212.jpg 320w, https:\/\/malakjan.com\/wp-content\/uploads\/2016\/06\/baillou-france-malak-jan-memorial-horiz-128x85.jpg 128w, https:\/\/malakjan.com\/wp-content\/uploads\/2016\/06\/baillou-france-malak-jan-memorial-horiz.jpg 1400w\" sizes=\"auto, (max-width: 720px) 100vw, 720px\" \/><figcaption id=\"caption-attachment-1735\" class=\"wp-caption-text\">M\u00e9morial de Malak J\u00e2n \u00e0 Baillou<\/figcaption><\/figure><\/p>\n<p>Malak J\u00e2n a laiss\u00e9 une quarantaine de manuscrits en langues kurde et persane o\u00f9 elle relate ses exp\u00e9riences spirituelles et ses dialogues intimes avec le Divin. Parmi eux figurent ses conseils et ses recommandations aux femmes, ainsi que quelques recueils de po\u00e8mes mystiques.<span class=\"Apple-converted-space\">\u00a0<\/span><\/p>\n<p>\u00ab\u00a0La vie n\u2019est pas courte, mais le temps est compt\u00e9,\u00a0\u00bb disait Malak J\u00e2n, pour accomplir tout ce qu\u2019il faut accomplir durant le temps qu\u2019il est donn\u00e9 \u00e0 chacun de vivre sur cette terre. Cette conscience aigu\u00eb non pas du temps qui passe, mais la valeur de chaque instant pour progresser, fit d\u2019elle une femme d\u2019action autant que de contemplation, un soutien et un guide pour tous ceux qui venaient \u00e0 elle pour b\u00e9n\u00e9ficier de sa bienveillance et de sa sagesse.<\/p>\n<\/div>\n<\/div>\n<\/div><\/div><\/div>\n<div class=\"spacer-10\"><\/div>\n<div class=\"entry-outer-wrap\"><div class=\"entry-wrap\"><div class=\"row \">\n<div class=\"col-md-12\">\n<hr \/>\n<table style=\"width: 100%;\">\n<tbody>\n<tr>\n<td align=\"left\"><img loading=\"lazy\" decoding=\"async\" class=\"alignnone wp-image-1407 size-full\" src=\"https:\/\/malakjan.com\/wp-content\/uploads\/2016\/09\/spacer.png\" width=\"39\" height=\"29\" \/><\/td>\n<td align=\"center\">\n<div class=\"nav-menu\">\u00c0 Propos | <a href=\"\/fr\/vie\/\">Vie<\/a> | <a href=\"\/fr\/heritage\/\">H\u00e9ritage<\/a> | <a href=\"\/fr\/philosophie\/\">Philosophie<\/a> | <a href=\"\/fr\/reflexions\/\">R\u00e9flexions<\/a> |\u00a0<a href=\"\/fr\/galerie\/\">Galerie<\/a> | <a href=\"\/fr\/memorial\/\">M\u00e9morial<\/a><\/div>\n<\/td>\n<td style=\"text-align: right;\"><a href=\"\/fr\/vie\/\" class=\"btn btn-default fa fa-arrow-right\"><\/a><\/td>\n<\/tr>\n<\/tbody>\n<\/table>\n<\/div>\n<\/div><\/div><\/div>\n","protected":false},"excerpt":{"rendered":"","protected":false},"author":1,"featured_media":1852,"parent":0,"menu_order":1,"comment_status":"closed","ping_status":"closed","template":"","meta":{"footnotes":""},"class_list":["post-952","page","type-page","status-publish","has-post-thumbnail","hentry"],"jetpack_sharing_enabled":true,"_links":{"self":[{"href":"https:\/\/malakjan.com\/fr\/wp-json\/wp\/v2\/pages\/952","targetHints":{"allow":["GET"]}}],"collection":[{"href":"https:\/\/malakjan.com\/fr\/wp-json\/wp\/v2\/pages"}],"about":[{"href":"https:\/\/malakjan.com\/fr\/wp-json\/wp\/v2\/types\/page"}],"author":[{"embeddable":true,"href":"https:\/\/malakjan.com\/fr\/wp-json\/wp\/v2\/users\/1"}],"replies":[{"embeddable":true,"href":"https:\/\/malakjan.com\/fr\/wp-json\/wp\/v2\/comments?post=952"}],"version-history":[{"count":29,"href":"https:\/\/malakjan.com\/fr\/wp-json\/wp\/v2\/pages\/952\/revisions"}],"predecessor-version":[{"id":2197,"href":"https:\/\/malakjan.com\/fr\/wp-json\/wp\/v2\/pages\/952\/revisions\/2197"}],"wp:featuredmedia":[{"embeddable":true,"href":"https:\/\/malakjan.com\/fr\/wp-json\/wp\/v2\/media\/1852"}],"wp:attachment":[{"href":"https:\/\/malakjan.com\/fr\/wp-json\/wp\/v2\/media?parent=952"}],"curies":[{"name":"wp","href":"https:\/\/api.w.org\/{rel}","templated":true}]}}