{"id":1243,"date":"2016-10-03T12:02:03","date_gmt":"2016-10-03T17:02:03","guid":{"rendered":"https:\/\/malakjan.com\/?page_id=1243&#038;lang=fr"},"modified":"2018-08-17T15:33:35","modified_gmt":"2018-08-17T20:33:35","slug":"visiter-baillou","status":"publish","type":"page","link":"https:\/\/malakjan.com\/fr\/visiter-baillou\/","title":{"rendered":"Visiter Baillou"},"content":{"rendered":"<div class=\"entry-outer-wrap\"><div class=\"entry-wrap\"><div class=\"row \">\n<div class=\"col-md-12\">\n<div class=\"entry-text\"><p class=\"lead\">Baillou est un village historique du Loir-et-Cher (r\u00e9gion Centre-Val de Loire) situ\u00e9 \u00e0 environ 150 kilom\u00e8tres de Paris. Surnomm\u00e9 <i>C\u0153ur Val de Loire<\/i> en raison de sa forte sp\u00e9cificit\u00e9 touristique, le Loir-et-Cher abrite certains des sites historiques les plus remarquables de la r\u00e9gion.<span class=\"Apple-converted-space\">\u00a0<\/p>\n<\/span><\/p>\n<p><img loading=\"lazy\" decoding=\"async\" class=\"border-gray aligncenter wp-image-1332 size-full\" src=\"https:\/\/malakjan.com\/wp-content\/uploads\/2016\/06\/baillou-france-malak-jan-memorial.jpg\" width=\"900\" height=\"454\" srcset=\"https:\/\/malakjan.com\/wp-content\/uploads\/2016\/06\/baillou-france-malak-jan-memorial.jpg 900w, https:\/\/malakjan.com\/wp-content\/uploads\/2016\/06\/baillou-france-malak-jan-memorial-300x151.jpg 300w, https:\/\/malakjan.com\/wp-content\/uploads\/2016\/06\/baillou-france-malak-jan-memorial-768x387.jpg 768w, https:\/\/malakjan.com\/wp-content\/uploads\/2016\/06\/baillou-france-malak-jan-memorial-720x363.jpg 720w, https:\/\/malakjan.com\/wp-content\/uploads\/2016\/06\/baillou-france-malak-jan-memorial-480x242.jpg 480w, https:\/\/malakjan.com\/wp-content\/uploads\/2016\/06\/baillou-france-malak-jan-memorial-320x161.jpg 320w, https:\/\/malakjan.com\/wp-content\/uploads\/2016\/06\/baillou-france-malak-jan-memorial-128x65.jpg 128w\" sizes=\"auto, (max-width: 900px) 100vw, 900px\" \/><\/p>\n<p>&nbsp;<\/p>\n<h3 style=\"text-align: left;\">La Forteresse de Mondoubleau <\/h3>\n<p>Dans les ann\u00e9es 1000-1010, Hugues Doubleau, Seigneur vend\u00f4mois qui donna son nom \u00e0 la ville, fit construire cette puissante forteresse en pierre, silex et \"roussard\", domin\u00e9e par un \u00e9norme donjon de 33 m\u00e8tres de haut. C'\u00e9tait le plus important ch\u00e2teau fort du Perche vend\u00f4mois.<\/p>\n<hr class=\"hr-shortgray\" \/>\n<h3 style=\"text-align: left;\">La Commanderie d'Arville <\/h3>\n<p>La Commanderie Templi\u00e8re d'Arville \u00e9tait un \u00e9tablissement agricole, militaire, judiciaire et religieux fond\u00e9 par les Templiers d\u00e8s le d\u00e9but du XIe si\u00e8cle. Elle est marqu\u00e9e par la fi\u00e8re fa\u00e7ade d'une \u00e9glise m\u00e9di\u00e9vale et flanqu\u00e9e d'une porte fortifi\u00e9e, ainsi que d'un ensemble impressionnant de tr\u00e8s anciens b\u00e2timents comprenant pigeonniers, boulangerie, ainsi qu\u2019une vaste grange d\u00eemi\u00e8re. La communaut\u00e9 de Communes des Collines du Perche a cr\u00e9\u00e9 ici un centre d'\u00e9vocation en huit tableaux des Croisades et du destin des Templiers. L'ensemble du site peut \u00e9galement \u00eatre visit\u00e9.<\/p>\n<hr class=\"hr-shortgray\" \/>\n<h3 style=\"text-align: left;\">La \"Pierre Coch\u00e9e\" de Drou\u00e9 <\/h3>\n<p>Chef-lieu de canton du Perche vend\u00f4mois, Drou\u00e9 poss\u00e8de un polissoir de l'\u00e9poque n\u00e9olithique. Class\u00e9 monument historique en 1887, c\u2019est le plus important connu en France. Au c\u0153ur d\u2019un site verdoyant tr\u00e8s agr\u00e9able, il mesure 2,50m de long et 2,10m dans sa plus grande largeur. Sa surface pr\u00e9sente une s\u00e9rie de plus de 25 rainures longues de 20 \u00e0 40cm.<\/p>\n<hr class=\"hr-shortgray\" \/>\n<h3 style=\"text-align: left;\">L'Eglise de Baillou<\/h3>\n<p>L'\u00e9glise consacr\u00e9e au d\u00e9but du troisi\u00e8me si\u00e8cle par Saint-Julien, dont il ne reste aucun vestige, fut relev\u00e9e au d\u00e9but du XVIIe si\u00e8cle par les sires de Coutance, Seigneurs du lieu. Le ch\u0153ur, le transept et les deux chapelles lat\u00e9rales sont vo\u00fbt\u00e9es en pierre avec arceaux saillants et prismatiques ; la vo\u00fbte seule de la nef est en bois. Des vitraux peints, sur lesquels sont repr\u00e9sent\u00e9s les armoiries des fondateurs, ornent les fen\u00eatres du ch\u0153ur et des chapelles.<\/p>\n<hr class=\"hr-shortgray\" \/>\n<h3 style=\"text-align: left;\"> L'Eglise Saint Martin de Sarg\u00e9 sur Braye <\/h3>\n<p>Sarg\u00e9 sur Braye est arros\u00e9e par la Grenne et la Braye. La plus ancienne des deux \u00e9glises est Saint-Martin, qui date du XVIe si\u00e8cle. Une caquetoire, assez rare dans le Perche, en orne la fa\u00e7ade. L'\u00e9glise est \u00e9galement remarquable pour ses fresques murales, dont celle d\u2019un Christ pr\u00e9sidant d\u2019un visage attentif aux travaux des hommes repr\u00e9sent\u00e9s par douze tableaux.<\/p>\n<hr class=\"hr-shortgray\" \/>\n<h3 style=\"text-align: left;\">Le Ch\u00e2teau des Radrets \u00e0 Sarg\u00e9 sur Braye <\/h3>\n<p>C'est l'un des trois ch\u00e2teaux de Sarg\u00e9. Il est b\u00e2ti sur un quadrilat\u00e8re de foss\u00e9s poss\u00e9dant encore sur trois angles ses bastions d\u2019origine, fortifications du XVIe et XVIIe si\u00e8cles. L'ensemble est reli\u00e9 par un pont-levis \u00e0 l\u2019ancien manoir du XIVe si\u00e8cle. A l\u2019int\u00e9rieur du ch\u00e2teau, des salles t\u00e9moignent de l\u2019architecture d\u00e9fensive de l'ancienne forteresse par l'imposant appareillage en pierre du \"roussard\". Le ch\u00e2teau est ouvert au public de juillet \u00e0 octobre.<\/p>\n<hr class=\"hr-shortgray\" \/>\n<h3 style=\"text-align: left;\">L'Eglise Saint-Pierre de Souday<\/h3>\n<p>De l'\u00e9glise class\u00e9e qui aurait \u00e9t\u00e9 b\u00e2tie par Saint Aldric au IXe si\u00e8cle, il ne reste qu\u2019un pan de mur. C'est \u00e0 la fin du XIe si\u00e8cle que les moines du prieur\u00e9 Saint Pierre de Souday entreprirent sa reconstruction. Le ch\u0153ur en ogive fut construit entre 1520 et 1540. Le devant de l\u2019autel est class\u00e9 ainsi que la statue de Sainte Barbe du XIIe si\u00e8cle. Les vitraux du Choeur, joyau de l\u2019\u00e9glise, sont class\u00e9s XVIe si\u00e8cle ; enfin, sur le mur du Ch\u0153ur, un fragment de peintures murales ferait partie d'un panneau entier datant de l\u2019\u00e9poque d'Henri II. <\/p>\n<hr class=\"hr-shortgray\" \/>\n<h3 style=\"text-align: left;\">L'Eglise du Temple<\/h3>\n<p>Cette \u00e9glise, qui \u00e9tait primitivement celle d\u2019un \u00e9tablissement de Templiers datant du XIe ou XIIe si\u00e8cle, poss\u00e8de encore sa nef d\u2019origine et arbore sur sa fa\u00e7ade occidentale l'\u00e9cusson avec la croix de Malte. Le ch\u0153ur, de m\u00eame largeur que la nef, fut reconstruit au XIIIe si\u00e8cle. La haute toiture, le clocher carr\u00e9, renfermant une chapelle couverte d'une vo\u00fbte d\u2019ogives, et plusieurs sculptures datent pour leur part du XVIe si\u00e8cle.<\/p>\n<\/div>\n<\/div>\n<\/div><\/div><\/div>\n<div class=\"spacer-10\"><\/div>\n<div class=\"entry-outer-wrap\"><div class=\"entry-wrap\"><div class=\"row \">\n<div class=\"col-md-12\">\n<hr \/>\n<table style=\"width: 100%;\">\n<tbody>\n<tr>\n<td align=\"left\"><a href=\"\/fr\/memorial\/\" class=\"btn btn-default fa fa-arrow-left\"><\/a><\/td>\n<td align=\"center\">\n<div class=\"nav-menu\"><a href=\"\/fr\/a-propos\/\">\u00c0 Propos<\/a> | <a href=\"\/fr\/vie\/\">Vie<\/a> | <a href=\"\/fr\/heritage\/\">H\u00e9ritage<\/a> | <a href=\"\/fr\/philosophie\/\">Philosophie<\/a> | <a href=\"\/fr\/reflexions\/\">R\u00e9flexions<\/a> |\u00a0<a href=\"\/fr\/galerie\/\">Galerie<\/a> | <a href=\"\/fr\/memorial\/\">M\u00e9morial<\/a><\/div>\n<\/td>\n<td style=\"text-align: right;\"><img loading=\"lazy\" decoding=\"async\" class=\"alignnone wp-image-1407 size-full\" src=\"https:\/\/malakjan.com\/wp-content\/uploads\/2016\/09\/spacer.png\" width=\"39\" height=\"29\" \/><\/td>\n<\/tr>\n<\/tbody>\n<\/table>\n<\/div>\n<\/div><\/div><\/div>\n","protected":false},"excerpt":{"rendered":"","protected":false},"author":3,"featured_media":1898,"parent":0,"menu_order":9,"comment_status":"closed","ping_status":"closed","template":"","meta":{"footnotes":""},"class_list":["post-1243","page","type-page","status-publish","has-post-thumbnail","hentry"],"jetpack_sharing_enabled":true,"_links":{"self":[{"href":"https:\/\/malakjan.com\/fr\/wp-json\/wp\/v2\/pages\/1243","targetHints":{"allow":["GET"]}}],"collection":[{"href":"https:\/\/malakjan.com\/fr\/wp-json\/wp\/v2\/pages"}],"about":[{"href":"https:\/\/malakjan.com\/fr\/wp-json\/wp\/v2\/types\/page"}],"author":[{"embeddable":true,"href":"https:\/\/malakjan.com\/fr\/wp-json\/wp\/v2\/users\/3"}],"replies":[{"embeddable":true,"href":"https:\/\/malakjan.com\/fr\/wp-json\/wp\/v2\/comments?post=1243"}],"version-history":[{"count":11,"href":"https:\/\/malakjan.com\/fr\/wp-json\/wp\/v2\/pages\/1243\/revisions"}],"predecessor-version":[{"id":2070,"href":"https:\/\/malakjan.com\/fr\/wp-json\/wp\/v2\/pages\/1243\/revisions\/2070"}],"wp:featuredmedia":[{"embeddable":true,"href":"https:\/\/malakjan.com\/fr\/wp-json\/wp\/v2\/media\/1898"}],"wp:attachment":[{"href":"https:\/\/malakjan.com\/fr\/wp-json\/wp\/v2\/media?parent=1243"}],"curies":[{"name":"wp","href":"https:\/\/api.w.org\/{rel}","templated":true}]}}