{"id":1233,"date":"2016-10-03T11:40:11","date_gmt":"2016-10-03T16:40:11","guid":{"rendered":"https:\/\/malakjan.com\/?page_id=1233&#038;lang=fr"},"modified":"2018-09-06T23:54:30","modified_gmt":"2018-09-07T04:54:30","slug":"reflexions","status":"publish","type":"page","link":"https:\/\/malakjan.com\/fr\/reflexions\/","title":{"rendered":"R\u00e9flexions"},"content":{"rendered":"<div class=\"entry-outer-wrap\"><div class=\"entry-wrap\"><div class=\"row \">\n<div class=\"col-md-12\">\n<div class=\"entry-text\"><p class=\"lead\">A l\u2019occasion du centenaire de sa naissance, une biographie \u00e9ponyme recueillant une s\u00e9lection de po\u00e8mes, de paroles, et de photos de Malak J\u00e2n fut publi\u00e9e aux \u00e9ditions Diane de Selliers en 2007. \u00ab\u00a0Malak J\u00e2n Ne'mati\u00a0\u00bb a \u00e9t\u00e9 traduit en persan (2009), en italien (2010), en allemand (2011) et en anglais (2012). Quelques paroles de sagesse et po\u00e8mes extraits de \u00ab\u00a0Malak J\u00e2n Ne'mati\u00a0\u00bb sont pr\u00e9sent\u00e9s ci-dessous: <\/p>\n\n<p><img loading=\"lazy\" decoding=\"async\" class=\"border-gray aligncenter wp-image-2074 size-full\" src=\"https:\/\/malakjan.com\/wp-content\/uploads\/2018\/08\/malek-jan-nemati-french.jpg\" alt=\"\" width=\"400\" height=\"540\" srcset=\"https:\/\/malakjan.com\/wp-content\/uploads\/2018\/08\/malek-jan-nemati-french.jpg 400w, https:\/\/malakjan.com\/wp-content\/uploads\/2018\/08\/malek-jan-nemati-french-222x300.jpg 222w, https:\/\/malakjan.com\/wp-content\/uploads\/2018\/08\/malek-jan-nemati-french-320x432.jpg 320w, https:\/\/malakjan.com\/wp-content\/uploads\/2018\/08\/malek-jan-nemati-french-128x173.jpg 128w\" sizes=\"auto, (max-width: 400px) 100vw, 400px\" \/><\/p>\n<p>&nbsp;<\/p>\n<blockquote>\n<p>La vie n\u2019est pas courte mais le temps est compt\u00e9. C\u2019est comme pour la rose. Il faut occuper ce temps de telle sorte que tu en profites pleinement, avec plaisir.<\/p>\n<\/blockquote>\n<hr class=\"hr-shortgray\" \/>\n<blockquote>\n<p>Nous devons tirer des le\u00e7ons de tout ce qui nous arrive.<\/p>\n<\/blockquote>\n<hr class=\"hr-shortgray\" \/>\n<blockquote>\n<p>Comprendre les v\u00e9rit\u00e9s est ce qu\u2019il y a de meilleur pour l\u2019\u00eatre humain. Cherchez \u00e0 acqu\u00e9rir une vue qui voie la V\u00e9rit\u00e9 et une pens\u00e9e qui comprenne la V\u00e9rit\u00e9. D\u00e8s lors, vous ne serez plus dupe des apparences.<\/p>\n<\/blockquote>\n<hr class=\"hr-shortgray\" \/>\n<blockquote>\n<p>L\u2019autosuggestion est une excellente chose. Mais elle n\u2019est pas donn\u00e9e \u00e0 tout le monde. Il faut que l\u2019\u00eatre humain atteigne un niveau o\u00f9 ses propres paroles l\u2019influencent lui-m\u00eame.<\/p>\n<\/blockquote>\n<hr class=\"hr-shortgray\" \/>\n<blockquote>\n<p>T\u00f4t ou tard, l\u2019homme doit s\u2019engager dans un cheminement spirituel et parcourir son perfectionnement. Par cons\u00e9quent, il n\u2019est pas juste de dire qu\u2019on ne peut pas ou qu\u2019on a peur de s\u2019engager.<\/p>\n<\/blockquote>\n<hr class=\"hr-shortgray\" \/>\n<blockquote>\n<p>Lorsqu\u2019un \u00e9tudiant spirituel se met sous l\u2019emprise de la jouissance mat\u00e9rielle, son \u00e2me ne se sent pas bien. Lorsqu\u2019il se lib\u00e8re de cette emprise, elle se sent mieux.<\/p>\n<\/blockquote>\n<hr class=\"hr-shortgray\" \/>\n<blockquote>\n<p>Les \u00e9preuves divines sont faites pour que l\u2019homme connaisse ses faiblesses.<\/p>\n<\/blockquote>\n<hr class=\"hr-shortgray\" \/>\n<blockquote>\n<p>Dans la vie, l\u2019\u00e9tudiant spirituel doit d\u00e9fendre ses droits avec s\u00e9rieux et diligence, mais \u00eatre d\u00e9tach\u00e9 du r\u00e9sultat.<\/p>\n<\/blockquote>\n<hr class=\"hr-shortgray\" \/>\n<blockquote>\n<p>L\u2019un des signes de la domination du soi imp\u00e9rieux en soi est le d\u00e9sint\u00e9r\u00eat pour le divin et le spirituel.<\/p>\n<\/blockquote>\n<hr class=\"hr-shortgray\" \/>\n<blockquote>\n<p>Celui qui parcourt la voie de la perfection doit s\u2019exercer \u00e0 n\u2019\u00eatre ni affect\u00e9 par les mauvaises nouvelles ni ravi outre mesure par les bonnes. Lorsqu\u2019il re\u00e7oit une bonne ou mauvaise nouvelle, il ne faut pas que son coeur tremble et qu\u2019il soit submerg\u00e9 par l\u2019\u00e9motion.<\/p>\n<\/blockquote>\n<hr class=\"hr-shortgray\" \/>\n<blockquote>\n<p>Pour chaque \u00e9poque, Dieu envoie une guidance adapt\u00e9e \u00e0 cette \u00e9poque. L\u2019\u00eatre humain doit penser en fonction de son temps. Et les personnalit\u00e9s spirituelles doivent se comporter en tenant compte du contexte dans lequel elles \u00e9voluent.<\/p>\n<\/blockquote>\n<hr class=\"hr-shortgray\" \/>\n<blockquote>\n<p>C\u2019est dans la lutte qu\u2019on progresse et non dans l\u2019indolence. Si quelqu\u2019un aime son but, il doit accepter de lutter. Sinon, pourquoi les proph\u00e8tes et les saints auraient-ils support\u00e9 dans la joie tant d\u2019adversit\u00e9 et de peines ?<\/p>\n<\/blockquote>\n<hr class=\"hr-shortgray\" \/>\n<blockquote>\n<p>Celui qui est spirituellement actif est toujours confront\u00e9 au n\u00e9gatif. S\u2019il n\u2019est pas aimant et bienveillant envers les autres, le n\u00e9gatif le met en pi\u00e8ces. Il y a donc toujours le n\u00e9gatif et c\u2019est au moyen de ce n\u00e9gatif que l\u2019on se purifie.<\/p>\n<\/blockquote>\n<hr class=\"hr-shortgray\" \/>\n<blockquote>\n<p>Chaque voie spirituelle a ses propres armes. Notre arme \u00e0 nous, c\u2019est de faire le bien autour de nous et d\u2019\u00eatre utile aux autres. M\u00eame si on dit du mal de nous, c\u2019est sans importance, nous n\u2019avons que cette arme. Dieu nous a donn\u00e9 les moyens de faire le bien, nous devons donc faire le bien sans nous soucier de ce que pensent les gens.<\/p>\n<\/blockquote>\n<hr class=\"hr-shortgray\" \/>\n<blockquote>\n<p>Le mat\u00e9rialisme d\u00e9truit l\u2019amour, m\u00eame pour ses propres enfants.<\/p>\n<\/blockquote>\n<hr class=\"hr-shortgray\" \/>\n<blockquote>\n<p>La diff\u00e9rence entre la simple pens\u00e9e de satisfaire un d\u00e9sir et la pulsion du soi imp\u00e9rieux est que, dans la pulsion, on ne pense pas aux cons\u00e9quences, on ne veut que satisfaire son d\u00e9sir.<\/p>\n<\/blockquote>\n<hr class=\"hr-shortgray\" \/>\n<blockquote>\n<p>Tout ce que vous voulez acqu\u00e9rir, vous devez l\u2019acqu\u00e9rir ici-bas. L\u2019au-del\u00e0 n\u2019est qu\u2019un lieu de r\u00e9colte ou de \u00ab\u00a0mendicit\u00e9\u00a0\u00bb.<\/p>\n<\/blockquote>\n<hr class=\"hr-shortgray\" \/>\n<blockquote>\n<p>Respecter les besoins l\u00e9gitimes de sa nature est un devoir spirituel. Ce qui est mauvais, c\u2019est l\u2019exc\u00e8s.<\/p>\n<\/blockquote>\n<hr class=\"hr-shortgray\" \/>\n<blockquote>\n<p>Je me dis toujours\u00a0: \u00ab\u00a0\u00d4 mon Dieu, \u00e9duque-moi de telle sorte que je n\u2019aie pas d\u2019autre source de plaisir que Toi\u00a0!\u00a0\u00bb Se r\u00e9p\u00e9ter cela permet de ne pas \u00eatre esclave des plaisirs de ce monde.<\/p>\n<\/blockquote>\n<hr class=\"hr-shortgray\" \/>\n<blockquote>\n<p>Je suis arriv\u00e9e au point o\u00f9 je n\u2019ai plus de \u00ab\u00a0je\u00a0\u00bb\u00a0: je fais, je dis, je veux\u2026 Je m\u2019en suis remise \u00e0 Sa volont\u00e9. \u00c0 ce stade, on travaille sans se soucier du r\u00e9sultat.<\/p>\n<\/blockquote>\n<p>&nbsp;<\/p>\n<hr class=\"hr-thick\" \/>\n<p>&nbsp;<\/p>\n<p class=\"lead\">Les po\u00e8mes suivants, compos\u00e9s en kurde par Malak J\u00e2n, \u00e9taient rest\u00e9s jusqu\u2019\u00e0 pr\u00e9sent \u00e0 l\u2019\u00e9tat de manuscrit. Malak J\u00e2n ne s\u2019est jamais consid\u00e9r\u00e9e comme une po\u00e8te\u00a0; son inspiration \u00e9manait de son amour pour le Divin, et ces quelques vers r\u00e9v\u00e8lent sa connaissance profonde des diff\u00e9rentes \u00e9tapes et niveaux du perfectionnement spirituel.\u00a0<\/p>\n\n<p>&nbsp;<\/p>\n<p><img loading=\"lazy\" decoding=\"async\" class=\"border-gray alignright wp-image-1272 size-full\" src=\"https:\/\/malakjan.com\/wp-content\/uploads\/2016\/06\/zenderoudi-illustration-1.jpg\" width=\"250\" height=\"355\" srcset=\"https:\/\/malakjan.com\/wp-content\/uploads\/2016\/06\/zenderoudi-illustration-1.jpg 420w, https:\/\/malakjan.com\/wp-content\/uploads\/2016\/06\/zenderoudi-illustration-1-212x300.jpg 212w, https:\/\/malakjan.com\/wp-content\/uploads\/2016\/06\/zenderoudi-illustration-1-320x453.jpg 320w, https:\/\/malakjan.com\/wp-content\/uploads\/2016\/06\/zenderoudi-illustration-1-128x181.jpg 128w\" sizes=\"auto, (max-width: 250px) 100vw, 250px\" \/><\/p>\n<h3>Ma Main \u00e0 Sa Main Amarr\u00e9e<\/h3>\n<p>Il est sans odeur, sans couleur<br \/>\nMon Bien-Aim\u00e9<br \/>\nSans odeur et sans couleur<\/p>\n<p>Il n\u2019a ni col\u00e8re ni fureur<br \/>\nMon Bien-Aim\u00e9<br \/>\nNi lieu, ni temps, ni pass\u00e9 ni pr\u00e9sent<\/p>\n<p>Lui donner forme ou attribut<br \/>\n\u00c0 mon Aim\u00e9<br \/>\nC\u2019est manquer \u00e0 la foi et l\u2019ignorer<\/p>\n<p>\u00d4 mon c\u0153ur, cherche la d\u00e9tresse<br \/>\nEn qu\u00eate de l\u2019Aim\u00e9<br \/>\nNe laisse pas odeur et couleur te d\u00e9tourner<\/p>\n<p>Lui seul peut m\u2019aider<br \/>\nLe Bien-Aim\u00e9<br \/>\nPar Ostad r\u00e9v\u00e9l\u00e9<\/p>\n<p>Alors de moi satisfait,<br \/>\nMon Bien-Aim\u00e9<br \/>\nEnfin pourra me lib\u00e9rer<\/p>\n<p>Ostad est mon guide<br \/>\nVers le Bien-Aim\u00e9<br \/>\nSur le chemin, Lui mon refuge<\/p>\n<p>\u00c0 moi qui ai tant p\u00e9ch\u00e9<br \/>\nMoi J\u00e2nie, \u00f4 mon Aim\u00e9<br \/>\nMoi sans vie parmi les morts<\/p>\n<p>Moi qu\u2019Ostad a ressuscit\u00e9e<br \/>\nOstad aim\u00e9<br \/>\nMa main \u00e0 sa main amarr\u00e9e.<\/p>\n<h5>16 juillet 1941<\/h5>\n<h5><\/h5>\n<hr class=\"hr-shortgray\" \/>\n<p>&nbsp;<\/p>\n<p><img loading=\"lazy\" decoding=\"async\" class=\"border-gray alignright wp-image-1273 size-full\" src=\"https:\/\/malakjan.com\/wp-content\/uploads\/2016\/06\/zenderoudi-illustration-2.jpg\" width=\"250\" height=\"353\" srcset=\"https:\/\/malakjan.com\/wp-content\/uploads\/2016\/06\/zenderoudi-illustration-2.jpg 427w, https:\/\/malakjan.com\/wp-content\/uploads\/2016\/06\/zenderoudi-illustration-2-212x300.jpg 212w, https:\/\/malakjan.com\/wp-content\/uploads\/2016\/06\/zenderoudi-illustration-2-320x452.jpg 320w, https:\/\/malakjan.com\/wp-content\/uploads\/2016\/06\/zenderoudi-illustration-2-128x181.jpg 128w\" sizes=\"auto, (max-width: 250px) 100vw, 250px\" \/><\/p>\n<h3>Ivresse<\/h3>\n<p>Mon c\u0153ur, \u00f4 mon c\u0153ur, fais-toi rossignol<br \/>\nIvre de l\u2019amour, ivre de l\u2019ivresse<br \/>\nComme le rossignol<\/p>\n<p>Oiseau de mon \u00e2me, chante sur la branche<br \/>\nChante la rose rouge m\u00e9lodieusement<br \/>\nPerch\u00e9 sur la branche<\/p>\n<p>Que le c\u0153ur converge vers sa senteur<br \/>\nQue toute la nuit, jusqu\u2019\u00e0 l\u2019aube claire<br \/>\nLa loue et l\u2019adore<\/p>\n<p>Ce point de senteur, point d\u2019unicit\u00e9<br \/>\nEst source d\u2019ivresse<br \/>\nPour le rossignol \u00e0 l\u2019\u00e2me enfi\u00e9vr\u00e9e<\/p>\n<p>L\u2019ivresse d\u2019amour, ivresse de l\u2019\u00e2me<br \/>\nEst indispensable \u00e0 ta progression,<br \/>\nPerfection de l\u2019\u00e2me<\/p>\n<p>Pour franchir cette voie sem\u00e9e de dangers<br \/>\nRavi \u00e0 toi-m\u00eame dans l\u2019ivresse pure<br \/>\nIl te faut marcher<\/p>\n<p>Ne varie donc pas, toi qui es changeant<br \/>\nUn c\u0153ur en hiver et qui fait le mort<br \/>\nRevivant au printemps<\/p>\n<h5>Avril 1953<\/h5>\n<h5><\/h5>\n<hr class=\"hr-shortgray\" \/>\n<p>&nbsp;<\/p>\n<p><img loading=\"lazy\" decoding=\"async\" class=\"border-gray alignright wp-image-1274 size-full\" src=\"https:\/\/malakjan.com\/wp-content\/uploads\/2016\/06\/zenderoudi-illustration-3.jpg\" width=\"250\" height=\"352\" srcset=\"https:\/\/malakjan.com\/wp-content\/uploads\/2016\/06\/zenderoudi-illustration-3.jpg 421w, https:\/\/malakjan.com\/wp-content\/uploads\/2016\/06\/zenderoudi-illustration-3-213x300.jpg 213w, https:\/\/malakjan.com\/wp-content\/uploads\/2016\/06\/zenderoudi-illustration-3-320x451.jpg 320w, https:\/\/malakjan.com\/wp-content\/uploads\/2016\/06\/zenderoudi-illustration-3-128x180.jpg 128w\" sizes=\"auto, (max-width: 250px) 100vw, 250px\" \/><\/p>\n<h3>Toi<\/h3>\n<p>O\u00f9 que je regarde, il n\u2019y a que Toi<br \/>\nL\u2019unique sans \u00e9gal, le sauveur, c\u2019est Toi<\/p>\n<p>Le toit, la porte, la fen\u00eatre, Toi<br \/>\nEn dehors de Toi, rien, except\u00e9 Toi<\/p>\n<p>En quelque forme que tu te r\u00e9v\u00e8les<br \/>\nRien n\u2019est hors de Toi et Toi tu es Toi<\/p>\n<p>C\u2019est Toi qui m\u2019a pris la vue qui voit double<br \/>\nToi qui m\u2019a montr\u00e9 l\u2019unicit\u00e9, Toi<\/p>\n<p>Le ciel et la terre, l\u2019ici, l\u2019au-del\u00e0<br \/>\n\u00d4 Toi sans pareil, Toi, tout n\u2019est que Toi<\/p>\n<p>Celui qu\u2019on d\u00e9sire, celui qui d\u00e9sire<br \/>\nNe sont qu\u2019un tous deux, ils ne sont que Toi<\/p>\n<p>Et dans l\u2019oraison, le but et l\u2019orant<br \/>\nL\u2019\u00catre n\u00e9cessaire, tous, ne sont que Toi<\/p>\n<p>Louange \u00e0 Ta gloire, gloire \u00e0 Ta puissance<br \/>\nTu es seul disciple et ma\u00eetre \u00e0 la fois<\/p>\n<p>De quel secret voile t\u2019es-tu entour\u00e9<br \/>\nPour qu\u2019\u00e0 ma conscience Tu restes cach\u00e9<br \/>\nToi\u00a0?<\/p>\n<h5>1 d\u00e9cembre 1953<\/h5>\n<h5><\/h5>\n<hr class=\"hr-shortgray\" \/>\n<p>&nbsp;<\/p>\n<h3>Ce Que Tu Es<\/h3>\n<p>Tu es l\u2019allumette<br \/>\n<span class=\"poem-indent\">et la lampe<\/span><\/p>\n<p>Le jardinier<br \/>\n<span class=\"poem-indent\">et le jardin<\/span><\/p>\n<p>Tu es rossignol<br \/>\n<span class=\"poem-indent\">tu es chant<\/span><\/p>\n<p>Bouton de rose<br \/>\n<span class=\"poem-indent\">parfum flottant<\/span><\/p>\n<p>La guerre et la paix<br \/>\n<span class=\"poem-indent\">en m\u00eame temps<\/span><\/p>\n<p>\u00c0 chaque heure<br \/>\n<span class=\"poem-indent\">et chaque instant<\/span><\/p>\n<p>Tu d\u00e9ploies<br \/>\n<span class=\"poem-indent\">tes mille couleurs<\/span><\/p>\n<p>Tu es le miroir<br \/>\n<span class=\"poem-indent\">aux merveilles<\/span><\/p>\n<p>Pr\u00e9sent et absent<br \/>\n<span class=\"poem-indent\">sans pareil<\/span><\/p>\n<h5>3 d\u00e9cembre 1953<\/h5>\n<h5><\/h5>\n<hr class=\"hr-shortgray\" \/>\n<p>&nbsp;<\/p>\n<h3>Le Printemps \u00c9ternel<\/h3>\n<p>Jusqu\u2019\u00e0 quand rossignol, rester au jardin, dis\u00a0?<br \/>\nSur une branche morte poser ton \u00e2me ainsi\u00a0?<\/p>\n<p>La neige et les frimas ont ferm\u00e9 tout chemin<br \/>\nTu vas mourir de froid, retourne dans ta patrie\u00a0!<\/p>\n<p>Ne vois-tu pas la neige pos\u00e9e dans le jardin\u00a0?<br \/>\nQuelle fleur esp\u00e8res-tu, que fais-tu l\u00e0, assis\u00a0?<\/p>\n<p>Cherche donc la patrie de l\u2019\u00e9ternel printemps<br \/>\nDes bourgeons et des fleurs \u00e0 foison, ta patrie<\/p>\n<h5>D\u00e9cembre 1955<\/h5>\n<p>&nbsp;<\/p>\n<h4>Illustrations de Charles Zenderoudi<\/h4>\n<\/div>\n<\/div>\n<\/div><\/div><\/div>\n<div class=\"spacer-10\"><\/div>\n<div class=\"entry-outer-wrap\"><div class=\"entry-wrap\"><div class=\"row \">\n<div class=\"col-md-12\">\n<hr \/>\n<table style=\"width: 100%;\">\n<tbody>\n<tr>\n<td align=\"left\"><a href=\"\/fr\/philosophie\/\" class=\"btn btn-default fa fa-arrow-left\"><\/a><\/td>\n<td align=\"center\">\n<div class=\"nav-menu\"><a href=\"\/fr\/a-propos\/\">\u00c0 Propos<\/a> | <a href=\"\/fr\/vie\/\">Vie<\/a> | <a href=\"\/fr\/heritage\/\">H\u00e9ritage<\/a> | <a href=\"\/fr\/philosophie\/\">Philosophie<\/a> | R\u00e9flexions |\u00a0<a href=\"\/fr\/galerie\/\">Galerie<\/a> | <a href=\"\/fr\/memorial\/\">M\u00e9morial<\/a><\/div>\n<\/td>\n<td style=\"text-align: right;\"><a href=\"\/fr\/galerie\/\" class=\"btn btn-default fa fa-arrow-right\"><\/a><\/td>\n<\/tr>\n<\/tbody>\n<\/table>\n<\/div>\n<\/div><\/div><\/div>\n","protected":false},"excerpt":{"rendered":"","protected":false},"author":3,"featured_media":1991,"parent":0,"menu_order":5,"comment_status":"closed","ping_status":"closed","template":"","meta":{"footnotes":""},"class_list":["post-1233","page","type-page","status-publish","has-post-thumbnail","hentry"],"jetpack_sharing_enabled":true,"_links":{"self":[{"href":"https:\/\/malakjan.com\/fr\/wp-json\/wp\/v2\/pages\/1233","targetHints":{"allow":["GET"]}}],"collection":[{"href":"https:\/\/malakjan.com\/fr\/wp-json\/wp\/v2\/pages"}],"about":[{"href":"https:\/\/malakjan.com\/fr\/wp-json\/wp\/v2\/types\/page"}],"author":[{"embeddable":true,"href":"https:\/\/malakjan.com\/fr\/wp-json\/wp\/v2\/users\/3"}],"replies":[{"embeddable":true,"href":"https:\/\/malakjan.com\/fr\/wp-json\/wp\/v2\/comments?post=1233"}],"version-history":[{"count":17,"href":"https:\/\/malakjan.com\/fr\/wp-json\/wp\/v2\/pages\/1233\/revisions"}],"predecessor-version":[{"id":2183,"href":"https:\/\/malakjan.com\/fr\/wp-json\/wp\/v2\/pages\/1233\/revisions\/2183"}],"wp:featuredmedia":[{"embeddable":true,"href":"https:\/\/malakjan.com\/fr\/wp-json\/wp\/v2\/media\/1991"}],"wp:attachment":[{"href":"https:\/\/malakjan.com\/fr\/wp-json\/wp\/v2\/media?parent=1233"}],"curies":[{"name":"wp","href":"https:\/\/api.w.org\/{rel}","templated":true}]}}