{"id":1230,"date":"2016-10-03T11:33:23","date_gmt":"2016-10-03T16:33:23","guid":{"rendered":"https:\/\/malakjan.com\/?page_id=1230&#038;lang=fr"},"modified":"2018-09-09T06:00:15","modified_gmt":"2018-09-09T11:00:15","slug":"heritage","status":"publish","type":"page","link":"https:\/\/malakjan.com\/fr\/heritage\/","title":{"rendered":"H\u00e9ritage"},"content":{"rendered":"<div class=\"entry-outer-wrap\"><div class=\"entry-wrap\"><div class=\"row \">\n<div class=\"col-md-12\">\n<div class=\"entry-text\"><p class=\"lead\">La patience, la tol\u00e9rance, et le souci d'autrui dont Malak J\u00e2n faisait preuve lui ont gagn\u00e9 la confiance de son entourage, lui permettant ensuite de faire avancer la cause des femmes dans un milieu o\u00f9 elles \u00e9taient consid\u00e9r\u00e9es comme en tout point inf\u00e9rieures aux hommes.<\/p>\n\n<p><span class=\"dropcap\">C<\/span>es\u00a0in\u00e9galit\u00e9s \u00e9taient fortement ancr\u00e9es dans les esprits des hommes et des femmes de sa r\u00e9gion. L'isolement g\u00e9ographique et culturel, ainsi que les conditions de vie rudimentaires, y rendaient improbable une \u00e9volution des mentalit\u00e9s. D\u2019ailleurs, Malak J\u00e2n eut souvent \u00e0 faire face \u00e0 des menaces provenant des autorit\u00e9s politique et religieuse locales, qui \u00e9taient hostiles \u00e0 son message \u00e9galitaire.<span class=\"Apple-converted-space\">\u00a0<\/span><\/p>\n<p>Arm\u00e9e de la seule force de ses convictions, de sa compassion et de son int\u00e9grit\u00e9 sans failles, cette femme, fr\u00eale et non-voyante est rest\u00e9e ferme dans ses convictions jusqu\u2019\u00e0 ce que ses efforts en mati\u00e8re de droits des femmes soient enfin r\u00e9compens\u00e9s. Gr\u00e2ce \u00e0 sa gentillesse, sa perspicacit\u00e9, et l\u2019attention qu\u2019elle portait aux autres, elle a gagn\u00e9 les c\u0153urs et les esprits des habitants de sa r\u00e9gion et d\u2019ailleurs, inspirant leur d\u00e9vouement et leur respect.<span class=\"Apple-converted-space\">\u00a0<\/span><\/p>\n<p><figure id=\"attachment_1270\" aria-describedby=\"caption-attachment-1270\" style=\"width: 720px\" class=\"wp-caption aligncenter\"><img loading=\"lazy\" decoding=\"async\" class=\"border-gray wp-image-1270 size-large\" src=\"https:\/\/malakjan.com\/wp-content\/uploads\/2016\/06\/malak-jan-2-1024x804.jpg\" width=\"720\" height=\"565\" srcset=\"https:\/\/malakjan.com\/wp-content\/uploads\/2016\/06\/malak-jan-2-1024x804.jpg 1024w, https:\/\/malakjan.com\/wp-content\/uploads\/2016\/06\/malak-jan-2-300x236.jpg 300w, https:\/\/malakjan.com\/wp-content\/uploads\/2016\/06\/malak-jan-2-768x603.jpg 768w, https:\/\/malakjan.com\/wp-content\/uploads\/2016\/06\/malak-jan-2-1360x1068.jpg 1360w, https:\/\/malakjan.com\/wp-content\/uploads\/2016\/06\/malak-jan-2-960x754.jpg 960w, https:\/\/malakjan.com\/wp-content\/uploads\/2016\/06\/malak-jan-2-720x565.jpg 720w, https:\/\/malakjan.com\/wp-content\/uploads\/2016\/06\/malak-jan-2-480x377.jpg 480w, https:\/\/malakjan.com\/wp-content\/uploads\/2016\/06\/malak-jan-2-320x251.jpg 320w, https:\/\/malakjan.com\/wp-content\/uploads\/2016\/06\/malak-jan-2-128x100.jpg 128w, https:\/\/malakjan.com\/wp-content\/uploads\/2016\/06\/malak-jan-2.jpg 1400w\" sizes=\"auto, (max-width: 720px) 100vw, 720px\" \/><figcaption id=\"caption-attachment-1270\" class=\"wp-caption-text\">Rencontre informelle avec des m\u00e8res et leurs jeunes enfants.<\/figcaption><\/figure><\/p>\n<p>Les r\u00e9formes obtenues par Malak J\u00e2n s'appliquaient \u00e0 tous les domaines de la vie, y compris aux plus traditionnels et aux plus sacr\u00e9s, \u00e0 l\u2019exemple des coutumes et des rites religieux et spirituels. Avec l\u2019approbation d\u2019Ostad Elahi, elle a rompu avec des si\u00e8cles de tradition mystique en d\u00e9fendant le droit pour les femmes de participer int\u00e9gralement aux c\u00e9r\u00e9monies et rites sacr\u00e9s. Par exemple, jusque-l\u00e0, les femmes n'\u00e9taient pas autoris\u00e9es \u00e0 participer \u00e0 certaines c\u00e9r\u00e9monies spirituelles, et elles pouvaient encore moins y chanter ou y danser. Gr\u00e2ce \u00e0 Malak J\u00e2n, elles eurent d\u00e9sormais ce droit \u00e0 \u00e9galit\u00e9 avec les hommes, allant m\u00eame jusqu\u2019\u00e0 les diriger sans qu\u2019aucun homme ne s'y trouve, ce qui \u00e9tait consid\u00e9r\u00e9 comme un tabou majeur et une tentative de d\u00e9truire des traditions ancestrales. Dans cette entreprise, elle a aussi pr\u00e9par\u00e9 le terrain pour un bon nombre de r\u00e9formes s\u00e9culaires.<\/p>\n<p>Malak J\u00e2n a aussi encourag\u00e9 les parents \u00e0 adopter une \u00e9galit\u00e9 de traitement entre filles et gar\u00e7ons \u2013 c\u2019est-\u00e0-dire \u00e0 inscrire les filles \u00e0 l\u2019\u00e9cole, \u00e0 bien les nourrir, et \u00e0 bien s\u2019occuper d\u2019elles. Elle a d\u00e9fendu la stricte \u00e9galit\u00e9 des hommes et des femmes sur les questions d'h\u00e9ritage dans un milieu rural o\u00f9 les hommes \u00e9taient fortement avantag\u00e9s. Lorsque de nouvelles \u00e9coles ont ouvert dans sa r\u00e9gion et que les hommes de sa communaut\u00e9 ont commenc\u00e9 \u00e0 y suivre des cours du soir, J\u00e2ni a insist\u00e9 pour que les femmes puissent s'y rendre \u00e9galement.<\/p>\n<p>Au cours de s\u00e9ances \u00e9ducatives qu'elle dispensait r\u00e9guli\u00e8rement, Malak J\u00e2n enseignait aux femmes et aux hommes qu'il y avait des cons\u00e9quences \u00e0 ne pas reconna\u00eetre et respecter les droits d'autrui, ce qui les aidait \u00e0 changer \u00e0 la fois leur mani\u00e8re d'\u00eatre et leur mani\u00e8re de penser.<span class=\"Apple-converted-space\">\u00a0<\/span><\/p>\n<p>Sa conduite \u00e9tait toujours conforme aux principes qu\u2019elle enseignait, et Malak J\u00e2n a servi de mod\u00e8le \u00e0 maintes femmes et jeunes filles. Elle encourageait les jeunes filles \u00e0 poursuivre leurs \u00e9tudes, ouvrant ainsi la voie \u00e0 de belles carri\u00e8res professionnelles. Elle voulait que les femmes cultivent en elles un sens de l\u2019ind\u00e9pendance et se consid\u00e8rent \u00e9gales aux hommes en tout point de vue. Convaincue que les relations entre les hommes et les femmes seraient plus r\u00e9ussies et harmonieuses en reposant sur l\u2019\u00e9galit\u00e9 et le respect mutuel, elle encourageait les femmes \u00e0 l\u2019ind\u00e9pendance financi\u00e8re lorsque c\u2019\u00e9tait possible. Ainsi, n\u2019ayant pas \u00e0 faire de choix dict\u00e9 par la n\u00e9cessit\u00e9 financi\u00e8re et plus libres de leurs actions, elles et leurs enfants m\u00e8neraient des vies plus \u00e9panouissantes.<span class=\"Apple-converted-space\">\u00a0<\/span><\/p>\n<p>&nbsp;<\/p>\n<hr class=\"hr-thick\" \/>\n<p class=\"lead\">C\u00e9l\u00e9bration de son centenaire<\/p>\n\n<p style=\"text-align: left;\"><strong>Une vie inaper\u00e7ue\u00a0: le courage, l\u2019humanit\u00e9 et la sagesse h\u00e9rit\u00e9s d\u2019une femme<\/strong><\/p>\n<p>La comm\u00e9moration du centenaire de la naissance de Malak J\u00e2n s'est tenue \u00e0 l\u2019Asia Society de New York, sous l'\u00e9gide de la Nour Foundation et de la section des ONG des Nations Unies relevant du D\u00e9partement des Affaires \u00c9conomiques et Sociales. De nombreuses dirigeantes, reconnues pour leur d\u00e9vouement, leur d\u00e9termination, et l'impact positif de leur travail sur leur communaut\u00e9 ont particip\u00e9 \u00e0 cet \u00e9v\u00e8nement.<span class=\"Apple-converted-space\">\u00a0<\/span><\/p>\n<p>En hommage \u00e0 la vie et aux travaux de Malak J\u00e2n, la soir\u00e9e a comport\u00e9 un d\u00e9bat sur l\u2019autonomisation des femmes et l'importance d\u00e9terminante de l\u2019\u00e9ducation et de l\u2019ind\u00e9pendance financi\u00e8re dans ce domaine. Une courte vid\u00e9o comm\u00e9morative et une performance de musique traditionnelle ont \u00e9galement marqu\u00e9 la soir\u00e9e.<\/p>\n<\/div>\n<\/div>\n<\/div><\/div><\/div>\n<div class=\"spacer-10\"><\/div>\n<div class=\"entry-outer-wrap\"><div class=\"entry-wrap\"><div class=\"row \">\n<div class=\"col-md-12\">\n<hr \/>\n<table style=\"width: 100%;\">\n<tbody>\n<tr>\n<td align=\"left\"><a href=\"\/fr\/vie\/\" class=\"btn btn-default fa fa-arrow-left\"><\/a><\/td>\n<td align=\"center\">\n<div class=\"nav-menu\"><a href=\"\/fr\/a-propos\/\">\u00c0 Propos<\/a> | <a href=\"\/fr\/vie\/\">Vie<\/a> | H\u00e9ritage | <a href=\"\/fr\/philosophie\/\">Philosophie<\/a> | <a href=\"\/fr\/reflexions\/\">R\u00e9flexions<\/a> |\u00a0<a href=\"\/fr\/galerie\/\">Galerie<\/a> | <a href=\"\/fr\/memorial\/\">M\u00e9morial<\/a><\/div>\n<\/td>\n<td style=\"text-align: right;\"><a href=\"\/fr\/philosophie\/\" class=\"btn btn-default fa fa-arrow-right\"><\/a><\/td>\n<\/tr>\n<\/tbody>\n<\/table>\n<\/div>\n<\/div><\/div><\/div>\n","protected":false},"excerpt":{"rendered":"","protected":false},"author":3,"featured_media":1255,"parent":0,"menu_order":3,"comment_status":"closed","ping_status":"closed","template":"","meta":{"footnotes":""},"class_list":["post-1230","page","type-page","status-publish","has-post-thumbnail","hentry"],"jetpack_sharing_enabled":true,"_links":{"self":[{"href":"https:\/\/malakjan.com\/fr\/wp-json\/wp\/v2\/pages\/1230","targetHints":{"allow":["GET"]}}],"collection":[{"href":"https:\/\/malakjan.com\/fr\/wp-json\/wp\/v2\/pages"}],"about":[{"href":"https:\/\/malakjan.com\/fr\/wp-json\/wp\/v2\/types\/page"}],"author":[{"embeddable":true,"href":"https:\/\/malakjan.com\/fr\/wp-json\/wp\/v2\/users\/3"}],"replies":[{"embeddable":true,"href":"https:\/\/malakjan.com\/fr\/wp-json\/wp\/v2\/comments?post=1230"}],"version-history":[{"count":12,"href":"https:\/\/malakjan.com\/fr\/wp-json\/wp\/v2\/pages\/1230\/revisions"}],"predecessor-version":[{"id":2192,"href":"https:\/\/malakjan.com\/fr\/wp-json\/wp\/v2\/pages\/1230\/revisions\/2192"}],"wp:featuredmedia":[{"embeddable":true,"href":"https:\/\/malakjan.com\/fr\/wp-json\/wp\/v2\/media\/1255"}],"wp:attachment":[{"href":"https:\/\/malakjan.com\/fr\/wp-json\/wp\/v2\/media?parent=1230"}],"curies":[{"name":"wp","href":"https:\/\/api.w.org\/{rel}","templated":true}]}}